{"id":2299,"date":"2018-08-22T16:28:52","date_gmt":"2018-08-22T14:28:52","guid":{"rendered":"http:\/\/www.lesbieres.it\/history\/"},"modified":"2021-07-28T15:36:41","modified_gmt":"2021-07-28T13:36:41","slug":"history","status":"publish","type":"page","link":"https:\/\/www.lesbieres.it\/en\/history\/","title":{"rendered":"The history of Les Bi\u00e8res du Grand St. Bernard"},"content":{"rendered":"<p>[et_pb_section bb_built=&#8221;1&#8243; admin_label=&#8221;Testata&#8221; fullwidth=&#8221;on&#8221; custom_padding_last_edited=&#8221;on|desktop&#8221; module_id=&#8221;header_pagine&#8221; _builder_version=&#8221;3.9&#8243; background_image=&#8221;https:\/\/www.lesbieres.it\/wp-content\/uploads\/2018\/07\/bieres-du-gran-saint-bernard.jpg&#8221; custom_padding=&#8221;240px||240px|&#8221; custom_padding_tablet=&#8221;120px||120px|&#8221; custom_padding_phone=&#8221;75px||75px|&#8221; locked=&#8221;off&#8221; next_background_color=&#8221;#cc7702&#8243; global_module=&#8221;1432&#8243;][\/et_pb_section][et_pb_section bb_built=&#8221;1&#8243; admin_label=&#8221;Titolo&#8221; fullwidth=&#8221;on&#8221; specialty=&#8221;off&#8221; next_background_color=&#8221;#ffffff&#8221; _builder_version=&#8221;3.9&#8243; background_color=&#8221;#cc7702&#8243; custom_css_main_element=&#8221;min-height: 60px;&#8221; custom_margin=&#8221;0px|0px|30px|0px&#8221; custom_padding=&#8221;0px|0px|0px|0px&#8221; locked=&#8221;off&#8221; module_id=&#8221;pages_title&#8221; prev_background_color=&#8221;#ffffff&#8221; global_module=&#8221;738&#8243;][et_pb_fullwidth_post_title global_parent=&#8221;738&#8243; _builder_version=&#8221;3.9&#8243; meta=&#8221;off&#8221; featured_image=&#8221;off&#8221; title_font=&#8221;Oswald||||||||&#8221; title_text_align=&#8221;center&#8221; title_text_color=&#8221;#ffffff&#8221; title_font_size=&#8221;35px&#8221; title_line_height=&#8221;59px&#8221; parent_locked=&#8221;off&#8221; custom_margin=&#8221;0px|0px|0px|0px&#8221; custom_padding=&#8221;0px|0px|0px|0px&#8221; \/][\/et_pb_section][et_pb_section bb_built=&#8221;1&#8243; fullwidth=&#8221;off&#8221; specialty=&#8221;off&#8221; prev_background_color=&#8221;#cc7702&#8243; _builder_version=&#8221;3.9&#8243;][et_pb_row _builder_version=&#8221;3.9&#8243; custom_padding_last_edited=&#8221;on|phone&#8221; width_unit=&#8221;off&#8221; custom_width_percent=&#8221;100%&#8221;][et_pb_column type=&#8221;4_4&#8243;][et_pb_text admin_label=&#8221;La nostra storia&#8221; _builder_version=&#8221;3.9&#8243; header_2_font=&#8221;|||on|||||&#8221;]<\/p>\n<h2 class = \"first\"> Our history <\/h2>\n<p>Everything comes from a great passion for beer, from the desire to experiment, from the desire to transform a simple hobby into something more concrete. After two years of theoretical training, attempts and experiments, R\u00e9my Charbonnier quits his job as an engineer and throws himself body and soul into the new adventure: in <strong> 2010 <\/strong>, in Etroubles in a small 300m2 laboratory, he begins the production of Les Bi\u00e8res du Grand St. Bernard. Next to R\u00e9my there is immediately Stefano Coll\u00e9 who abandons the profession of ski instructor. In July 2010 the sale of the first beers starts: Napea, Balance and Amy, which are still the flagship labels of the brewery today.<\/p>\n<p>In <strong> 2017, <\/strong> also thanks to the excellent results achieved, the Etroubles brewery is no longer large enough to withstand the needs and production quantities required. Here Remy and Stefano relaunch their initial project and give life to a really important development and expansion. In fact, they decide to change the location, which passes to Gignod (a few kilometers further downstream from Etroubles) while remaining faithful to the Gran San Bernardo Valley.<\/p>\n<p>The chosen structure, over <strong> 4.000m2, <\/strong> houses a brand new and technological production plant of <strong> 35hl, <\/strong> with an annual production capacity of <strong> 8.000hl <\/strong> an area sale and exhibition open to the public (nearing completion), an office area and a large parking area. All this is completed by a truly strategic position along the state road to access the Gran San Bernardo pass that connects Italy and Switzerland.<\/p>\n<p>[\/et_pb_text][\/et_pb_column][\/et_pb_row][et_pb_row _builder_version=&#8221;3.9&#8243;][et_pb_column type=&#8221;4_4&#8243;][et_pb_text _builder_version=&#8221;3.9&#8243;] \n\n\n<div id=\"wpv-view-layout-1473-TCPID2299\" class=\"js-wpv-view-layout js-wpv-layout-responsive js-wpv-view-layout-1473-TCPID2299\" data-viewnumber=\"1473-TCPID2299\" data-pagination=\"{&quot;id&quot;:1473,&quot;query&quot;:&quot;normal&quot;,&quot;type&quot;:&quot;disabled&quot;,&quot;effect&quot;:&quot;fade&quot;,&quot;duration&quot;:500,&quot;speed&quot;:5,&quot;pause_on_hover&quot;:&quot;disabled&quot;,&quot;stop_rollover&quot;:&quot;false&quot;,&quot;cache_pages&quot;:&quot;enabled&quot;,&quot;preload_images&quot;:&quot;enabled&quot;,&quot;preload_pages&quot;:&quot;enabled&quot;,&quot;preload_reach&quot;:1,&quot;spinner&quot;:&quot;builtin&quot;,&quot;spinner_image&quot;:&quot;https:\/\/www.lesbieres.it\/wp-content\/plugins\/wp-views\/embedded\/res\/img\/ajax-loader.gif&quot;,&quot;callback_next&quot;:&quot;&quot;,&quot;manage_history&quot;:&quot;disabled&quot;,&quot;has_controls_in_form&quot;:&quot;disabled&quot;,&quot;infinite_tolerance&quot;:&quot;0&quot;,&quot;max_pages&quot;:0,&quot;page&quot;:1,&quot;base_permalink&quot;:&quot;\/en\/wp-json\/wp\/v2\/pages\/2299?wpv_view_count=1473-TCPID2299&amp;wpv_paged=WPV_PAGE_NUM&quot;,&quot;loop&quot;:{&quot;type&quot;:&quot;&quot;,&quot;name&quot;:&quot;&quot;,&quot;data&quot;:[],&quot;id&quot;:0}}\" data-permalink=\"\/en\/wp-json\/wp\/v2\/pages\/2299?wpv_view_count=1473-TCPID2299\">\n\n\t\n\t\n\t\n<\/div>\n [\/et_pb_text][\/et_pb_column][\/et_pb_row][\/et_pb_section]<\/p>\n","protected":false},"excerpt":{"rendered":"<p>Our history Everything comes from a great passion for beer, from the desire to experiment, from the desire to transform a simple hobby into something more concrete. After two years of theoretical training, attempts and experiments, R\u00e9my Charbonnier quits his job as an engineer and throws himself body and soul into the new adventure: in [&hellip;]<\/p>\n","protected":false},"author":1,"featured_media":446,"parent":0,"menu_order":0,"comment_status":"closed","ping_status":"closed","template":"","meta":{"_et_pb_use_builder":"on","_et_pb_old_content":"","_et_gb_content_width":"","footnotes":""},"class_list":["post-2299","page","type-page","status-publish","has-post-thumbnail","hentry"],"yoast_head":"<!-- This site is optimized with the Yoast SEO plugin v26.8 - https:\/\/yoast.com\/product\/yoast-seo-wordpress\/ -->\n<title>The history of Les Bi\u00e8res du Grand St. Bernard - Les Bi\u00e8res du Grand St. Bernard<\/title>\n<meta name=\"robots\" content=\"index, follow, max-snippet:-1, max-image-preview:large, max-video-preview:-1\" \/>\n<link rel=\"canonical\" href=\"https:\/\/www.lesbieres.it\/en\/history\/\" \/>\n<meta property=\"og:locale\" content=\"en_US\" \/>\n<meta property=\"og:type\" content=\"article\" \/>\n<meta property=\"og:title\" content=\"The history of Les Bi\u00e8res du Grand St. Bernard - Les Bi\u00e8res du Grand St. Bernard\" \/>\n<meta property=\"og:url\" content=\"https:\/\/www.lesbieres.it\/en\/history\/\" \/>\n<meta property=\"og:site_name\" content=\"Les Bi\u00e8res du Grand St. Bernard\" \/>\n<meta property=\"article:publisher\" content=\"https:\/\/www.facebook.com\/lesbieresdugrandstbernard\/?fref=ts\" \/>\n<meta property=\"article:modified_time\" content=\"2021-07-28T13:36:41+00:00\" \/>\n<meta property=\"og:image\" content=\"https:\/\/www.lesbieres.it\/wp-content\/uploads\/2018\/01\/gran-san-bernardo-lago-inverno-lesbieres.jpg\" \/>\n\t<meta property=\"og:image:width\" content=\"1200\" \/>\n\t<meta property=\"og:image:height\" content=\"464\" \/>\n\t<meta property=\"og:image:type\" content=\"image\/jpeg\" \/>\n<meta name=\"twitter:card\" content=\"summary_large_image\" \/>\n<meta name=\"twitter:site\" content=\"@lesbieresGSB\" \/>\n<meta name=\"twitter:label1\" content=\"Est. reading time\" \/>\n\t<meta name=\"twitter:data1\" content=\"2 minutes\" \/>\n<script type=\"application\/ld+json\" class=\"yoast-schema-graph\">{\"@context\":\"https:\/\/schema.org\",\"@graph\":[{\"@type\":\"WebPage\",\"@id\":\"https:\/\/www.lesbieres.it\/en\/history\/\",\"url\":\"https:\/\/www.lesbieres.it\/en\/history\/\",\"name\":\"The history of Les Bi\u00e8res du Grand St. Bernard - Les Bi\u00e8res du Grand St. Bernard\",\"isPartOf\":{\"@id\":\"https:\/\/www.lesbieres.it\/en\/#website\"},\"primaryImageOfPage\":{\"@id\":\"https:\/\/www.lesbieres.it\/en\/history\/#primaryimage\"},\"image\":{\"@id\":\"https:\/\/www.lesbieres.it\/en\/history\/#primaryimage\"},\"thumbnailUrl\":\"https:\/\/www.lesbieres.it\/wp-content\/uploads\/2018\/01\/gran-san-bernardo-lago-inverno-lesbieres.jpg\",\"datePublished\":\"2018-08-22T14:28:52+00:00\",\"dateModified\":\"2021-07-28T13:36:41+00:00\",\"breadcrumb\":{\"@id\":\"https:\/\/www.lesbieres.it\/en\/history\/#breadcrumb\"},\"inLanguage\":\"en-US\",\"potentialAction\":[{\"@type\":\"ReadAction\",\"target\":[\"https:\/\/www.lesbieres.it\/en\/history\/\"]}]},{\"@type\":\"ImageObject\",\"inLanguage\":\"en-US\",\"@id\":\"https:\/\/www.lesbieres.it\/en\/history\/#primaryimage\",\"url\":\"https:\/\/www.lesbieres.it\/wp-content\/uploads\/2018\/01\/gran-san-bernardo-lago-inverno-lesbieres.jpg\",\"contentUrl\":\"https:\/\/www.lesbieres.it\/wp-content\/uploads\/2018\/01\/gran-san-bernardo-lago-inverno-lesbieres.jpg\",\"width\":1200,\"height\":464,\"caption\":\"Les Bi\u00e8res du Grand St. Bernard\"},{\"@type\":\"BreadcrumbList\",\"@id\":\"https:\/\/www.lesbieres.it\/en\/history\/#breadcrumb\",\"itemListElement\":[{\"@type\":\"ListItem\",\"position\":1,\"name\":\"Home\",\"item\":\"https:\/\/www.lesbieres.it\/en\/\"},{\"@type\":\"ListItem\",\"position\":2,\"name\":\"The history of Les Bi\u00e8res du Grand St. Bernard\"}]},{\"@type\":\"WebSite\",\"@id\":\"https:\/\/www.lesbieres.it\/en\/#website\",\"url\":\"https:\/\/www.lesbieres.it\/en\/\",\"name\":\"Les Bi\u00e8res du Grand St. Bernard\",\"description\":\"Shop\",\"publisher\":{\"@id\":\"https:\/\/www.lesbieres.it\/en\/#organization\"},\"potentialAction\":[{\"@type\":\"SearchAction\",\"target\":{\"@type\":\"EntryPoint\",\"urlTemplate\":\"https:\/\/www.lesbieres.it\/en\/?s={search_term_string}\"},\"query-input\":{\"@type\":\"PropertyValueSpecification\",\"valueRequired\":true,\"valueName\":\"search_term_string\"}}],\"inLanguage\":\"en-US\"},{\"@type\":\"Organization\",\"@id\":\"https:\/\/www.lesbieres.it\/en\/#organization\",\"name\":\"Les Bi\u00e8res du Grand St. Bernard\",\"url\":\"https:\/\/www.lesbieres.it\/en\/\",\"logo\":{\"@type\":\"ImageObject\",\"inLanguage\":\"en-US\",\"@id\":\"https:\/\/www.lesbieres.it\/en\/#\/schema\/logo\/image\/\",\"url\":\"https:\/\/www.lesbieres.it\/wp-content\/uploads\/2018\/02\/logogsb.png\",\"contentUrl\":\"https:\/\/www.lesbieres.it\/wp-content\/uploads\/2018\/02\/logogsb.png\",\"width\":180,\"height\":180,\"caption\":\"Les Bi\u00e8res du Grand St. Bernard\"},\"image\":{\"@id\":\"https:\/\/www.lesbieres.it\/en\/#\/schema\/logo\/image\/\"},\"sameAs\":[\"https:\/\/www.facebook.com\/lesbieresdugrandstbernard\/?fref=ts\",\"https:\/\/x.com\/lesbieresGSB\",\"https:\/\/www.youtube.com\/channel\/UC_G1vso5HrRQqyH1em4_nDQ\",\"https:\/\/www.instagram.com\/lesbieresgsbernard\"]}]}<\/script>\n<!-- \/ Yoast SEO plugin. -->","yoast_head_json":{"title":"The history of Les Bi\u00e8res du Grand St. Bernard - Les Bi\u00e8res du Grand St. Bernard","robots":{"index":"index","follow":"follow","max-snippet":"max-snippet:-1","max-image-preview":"max-image-preview:large","max-video-preview":"max-video-preview:-1"},"canonical":"https:\/\/www.lesbieres.it\/en\/history\/","og_locale":"en_US","og_type":"article","og_title":"The history of Les Bi\u00e8res du Grand St. Bernard - Les Bi\u00e8res du Grand St. Bernard","og_url":"https:\/\/www.lesbieres.it\/en\/history\/","og_site_name":"Les Bi\u00e8res du Grand St. Bernard","article_publisher":"https:\/\/www.facebook.com\/lesbieresdugrandstbernard\/?fref=ts","article_modified_time":"2021-07-28T13:36:41+00:00","og_image":[{"width":1200,"height":464,"url":"https:\/\/www.lesbieres.it\/wp-content\/uploads\/2018\/01\/gran-san-bernardo-lago-inverno-lesbieres.jpg","type":"image\/jpeg"}],"twitter_card":"summary_large_image","twitter_site":"@lesbieresGSB","twitter_misc":{"Est. reading time":"2 minutes"},"schema":{"@context":"https:\/\/schema.org","@graph":[{"@type":"WebPage","@id":"https:\/\/www.lesbieres.it\/en\/history\/","url":"https:\/\/www.lesbieres.it\/en\/history\/","name":"The history of Les Bi\u00e8res du Grand St. Bernard - Les Bi\u00e8res du Grand St. Bernard","isPartOf":{"@id":"https:\/\/www.lesbieres.it\/en\/#website"},"primaryImageOfPage":{"@id":"https:\/\/www.lesbieres.it\/en\/history\/#primaryimage"},"image":{"@id":"https:\/\/www.lesbieres.it\/en\/history\/#primaryimage"},"thumbnailUrl":"https:\/\/www.lesbieres.it\/wp-content\/uploads\/2018\/01\/gran-san-bernardo-lago-inverno-lesbieres.jpg","datePublished":"2018-08-22T14:28:52+00:00","dateModified":"2021-07-28T13:36:41+00:00","breadcrumb":{"@id":"https:\/\/www.lesbieres.it\/en\/history\/#breadcrumb"},"inLanguage":"en-US","potentialAction":[{"@type":"ReadAction","target":["https:\/\/www.lesbieres.it\/en\/history\/"]}]},{"@type":"ImageObject","inLanguage":"en-US","@id":"https:\/\/www.lesbieres.it\/en\/history\/#primaryimage","url":"https:\/\/www.lesbieres.it\/wp-content\/uploads\/2018\/01\/gran-san-bernardo-lago-inverno-lesbieres.jpg","contentUrl":"https:\/\/www.lesbieres.it\/wp-content\/uploads\/2018\/01\/gran-san-bernardo-lago-inverno-lesbieres.jpg","width":1200,"height":464,"caption":"Les Bi\u00e8res du Grand St. Bernard"},{"@type":"BreadcrumbList","@id":"https:\/\/www.lesbieres.it\/en\/history\/#breadcrumb","itemListElement":[{"@type":"ListItem","position":1,"name":"Home","item":"https:\/\/www.lesbieres.it\/en\/"},{"@type":"ListItem","position":2,"name":"The history of Les Bi\u00e8res du Grand St. Bernard"}]},{"@type":"WebSite","@id":"https:\/\/www.lesbieres.it\/en\/#website","url":"https:\/\/www.lesbieres.it\/en\/","name":"Les Bi\u00e8res du Grand St. Bernard","description":"Shop","publisher":{"@id":"https:\/\/www.lesbieres.it\/en\/#organization"},"potentialAction":[{"@type":"SearchAction","target":{"@type":"EntryPoint","urlTemplate":"https:\/\/www.lesbieres.it\/en\/?s={search_term_string}"},"query-input":{"@type":"PropertyValueSpecification","valueRequired":true,"valueName":"search_term_string"}}],"inLanguage":"en-US"},{"@type":"Organization","@id":"https:\/\/www.lesbieres.it\/en\/#organization","name":"Les Bi\u00e8res du Grand St. Bernard","url":"https:\/\/www.lesbieres.it\/en\/","logo":{"@type":"ImageObject","inLanguage":"en-US","@id":"https:\/\/www.lesbieres.it\/en\/#\/schema\/logo\/image\/","url":"https:\/\/www.lesbieres.it\/wp-content\/uploads\/2018\/02\/logogsb.png","contentUrl":"https:\/\/www.lesbieres.it\/wp-content\/uploads\/2018\/02\/logogsb.png","width":180,"height":180,"caption":"Les Bi\u00e8res du Grand St. Bernard"},"image":{"@id":"https:\/\/www.lesbieres.it\/en\/#\/schema\/logo\/image\/"},"sameAs":["https:\/\/www.facebook.com\/lesbieresdugrandstbernard\/?fref=ts","https:\/\/x.com\/lesbieresGSB","https:\/\/www.youtube.com\/channel\/UC_G1vso5HrRQqyH1em4_nDQ","https:\/\/www.instagram.com\/lesbieresgsbernard"]}]}},"_links":{"self":[{"href":"https:\/\/www.lesbieres.it\/en\/wp-json\/wp\/v2\/pages\/2299","targetHints":{"allow":["GET"]}}],"collection":[{"href":"https:\/\/www.lesbieres.it\/en\/wp-json\/wp\/v2\/pages"}],"about":[{"href":"https:\/\/www.lesbieres.it\/en\/wp-json\/wp\/v2\/types\/page"}],"author":[{"embeddable":true,"href":"https:\/\/www.lesbieres.it\/en\/wp-json\/wp\/v2\/users\/1"}],"replies":[{"embeddable":true,"href":"https:\/\/www.lesbieres.it\/en\/wp-json\/wp\/v2\/comments?post=2299"}],"version-history":[{"count":8,"href":"https:\/\/www.lesbieres.it\/en\/wp-json\/wp\/v2\/pages\/2299\/revisions"}],"predecessor-version":[{"id":5550,"href":"https:\/\/www.lesbieres.it\/en\/wp-json\/wp\/v2\/pages\/2299\/revisions\/5550"}],"wp:featuredmedia":[{"embeddable":true,"href":"https:\/\/www.lesbieres.it\/en\/wp-json\/wp\/v2\/media\/446"}],"wp:attachment":[{"href":"https:\/\/www.lesbieres.it\/en\/wp-json\/wp\/v2\/media?parent=2299"}],"curies":[{"name":"wp","href":"https:\/\/api.w.org\/{rel}","templated":true}]}}